{"id":343,"date":"2025-02-08T09:43:21","date_gmt":"2025-02-08T09:43:21","guid":{"rendered":"https:\/\/www.bar-a31.it\/bar-a31\/"},"modified":"2025-10-24T12:33:47","modified_gmt":"2025-10-24T12:33:47","slug":"bar-a31","status":"publish","type":"page","link":"https:\/\/www.bar-a31.it\/it\/","title":{"rendered":"Bar A31"},"content":{"rendered":"\t\t<div data-elementor-type=\"wp-page\" data-elementor-id=\"343\" class=\"elementor elementor-343 elementor-9\" data-elementor-post-type=\"page\">\n\t\t\t\t<div class=\"elementor-element elementor-element-161cc512 e-con-full e-flex e-con e-parent\" data-id=\"161cc512\" data-element_type=\"container\">\n\t\t\t\t<div class=\"elementor-element elementor-element-7b21a8d3 elementor-skin-carousel elementor-widget elementor-widget-media-carousel\" data-id=\"7b21a8d3\" data-element_type=\"widget\" data-settings=\"{&quot;slides_per_view&quot;:&quot;1&quot;,&quot;slides_per_view_laptop&quot;:&quot;1&quot;,&quot;slides_per_view_tablet&quot;:&quot;1&quot;,&quot;skin&quot;:&quot;carousel&quot;,&quot;effect&quot;:&quot;slide&quot;,&quot;speed&quot;:500,&quot;autoplay&quot;:&quot;yes&quot;,&quot;autoplay_speed&quot;:5000,&quot;loop&quot;:&quot;yes&quot;,&quot;pause_on_hover&quot;:&quot;yes&quot;,&quot;pause_on_interaction&quot;:&quot;yes&quot;,&quot;space_between&quot;:{&quot;unit&quot;:&quot;px&quot;,&quot;size&quot;:10,&quot;sizes&quot;:[]},&quot;space_between_laptop&quot;:{&quot;unit&quot;:&quot;px&quot;,&quot;size&quot;:10,&quot;sizes&quot;:[]},&quot;space_between_tablet&quot;:{&quot;unit&quot;:&quot;px&quot;,&quot;size&quot;:10,&quot;sizes&quot;:[]},&quot;space_between_mobile&quot;:{&quot;unit&quot;:&quot;px&quot;,&quot;size&quot;:10,&quot;sizes&quot;:[]}}\" data-widget_type=\"media-carousel.default\">\n\t\t\t\t<div class=\"elementor-widget-container\">\n\t\t\t\t\t\t\t\t\t<div class=\"elementor-swiper\">\n\t\t\t\t\t<div class=\"elementor-main-swiper swiper\" role=\"region\" aria-roledescription=\"carousel\" aria-label=\"Slides\">\n\t\t\t\t<div class=\"swiper-wrapper\">\n\t\t\t\t\t\t\t\t\t\t\t<div class=\"swiper-slide\" role=\"group\" aria-roledescription=\"slide\">\n\t\t\t\t\t\t\t\t\t<div class=\"elementor-carousel-image\" role=\"img\" aria-label=\"BF-323\" style=\"background-image: url(&#039;https:\/\/www.bar-a31.it\/wp-content\/uploads\/2025\/02\/BF-323.jpg&#039;)\">\n\n\t\t\t\n\t\t\t\t\t<\/div>\n\t\t\t\t\t\t\t\t<\/div>\n\t\t\t\t\t\t\t\t\t\t\t<div class=\"swiper-slide\" role=\"group\" aria-roledescription=\"slide\">\n\t\t\t\t\t\t\t\t\t<div class=\"elementor-carousel-image\" role=\"img\" aria-label=\"SR-616\" style=\"background-image: url(&#039;https:\/\/www.bar-a31.it\/wp-content\/uploads\/2025\/02\/SR-616.jpg&#039;)\">\n\n\t\t\t\n\t\t\t\t\t<\/div>\n\t\t\t\t\t\t\t\t<\/div>\n\t\t\t\t\t\t\t\t\t<\/div>\n\t\t\t\t\t\t\t\t\t\t\t\t\t\t\t\t\t\t\t\t\t<\/div>\n\t\t\t\t<\/div>\n\t\t\t\t\t\t\t\t<\/div>\n\t\t\t\t<\/div>\n\t\t\t\t<\/div>\n\t\t<div class=\"elementor-element elementor-element-1593cc18 e-flex e-con-boxed e-con e-parent\" data-id=\"1593cc18\" data-element_type=\"container\" data-settings=\"{&quot;background_background&quot;:&quot;classic&quot;}\">\n\t\t\t\t\t<div class=\"e-con-inner\">\n\t\t\t\t<div class=\"elementor-element elementor-element-78ee4df elementor-widget__width-inherit elementor-widget elementor-widget-heading\" data-id=\"78ee4df\" data-element_type=\"widget\" data-widget_type=\"heading.default\">\n\t\t\t\t<div class=\"elementor-widget-container\">\n\t\t\t\t\t<h2 class=\"elementor-heading-title elementor-size-default\">Benvenuti al Bar A31<\/h2>\t\t\t\t<\/div>\n\t\t\t\t<\/div>\n\t\t\t\t<div class=\"elementor-element elementor-element-06e5d05 elementor-widget elementor-widget-heading\" data-id=\"06e5d05\" data-element_type=\"widget\" data-widget_type=\"heading.default\">\n\t\t\t\t<div class=\"elementor-widget-container\">\n\t\t\t\t\t<h1 class=\"elementor-heading-title elementor-size-default\">Piatti del giorno freschi nel Bar Bistro nel Gepa Center, zona industriale di Bressanone<\/h1>\t\t\t\t<\/div>\n\t\t\t\t<\/div>\n\t\t\t\t<div class=\"elementor-element elementor-element-1f144586 elementor-widget__width-initial elementor-widget elementor-widget-text-editor\" data-id=\"1f144586\" data-element_type=\"widget\" data-widget_type=\"text-editor.default\">\n\t\t\t\t<div class=\"elementor-widget-container\">\n\t\t\t\t\t\t\t\t\t<p>Che si tratti di piatti salati o leggeri, tradizionali o con un tocco moderno, la nostra cucina raffinata vi offre men\u00f9 giornalieri preparati al momento. Ci affidiamo a ingredienti di alta qualit\u00e0, ricette collaudate e un pizzico di innovazione per viziarti con una grande variet\u00e0 di piatti.<\/p>\t\t\t\t\t\t\t\t<\/div>\n\t\t\t\t<\/div>\n\t\t\t\t<div class=\"elementor-element elementor-element-a3119fe elementor-align-center elementor-widget elementor-widget-button\" data-id=\"a3119fe\" data-element_type=\"widget\" data-widget_type=\"button.default\">\n\t\t\t\t<div class=\"elementor-widget-container\">\n\t\t\t\t\t\t\t\t\t<div class=\"elementor-button-wrapper\">\n\t\t\t\t\t<a class=\"elementor-button elementor-button-link elementor-size-sm\" href=\"https:\/\/www.bar-a31.it\/wp-content\/uploads\/2026\/04\/A31.pdf_20260430_150720_0000.png\" target=\"_blank\" rel=\"nofollow\">\n\t\t\t\t\t\t<span class=\"elementor-button-content-wrapper\">\n\t\t\t\t\t\t\t\t\t<span class=\"elementor-button-text\">Il menu del giorno di oggi<\/span>\n\t\t\t\t\t<\/span>\n\t\t\t\t\t<\/a>\n\t\t\t\t<\/div>\n\t\t\t\t\t\t\t\t<\/div>\n\t\t\t\t<\/div>\n\t\t\t\t\t<\/div>\n\t\t\t\t<\/div>\n\t\t<div class=\"elementor-element elementor-element-721a67f whitelink e-flex e-con-boxed e-con e-parent\" data-id=\"721a67f\" data-element_type=\"container\" data-settings=\"{&quot;background_background&quot;:&quot;classic&quot;}\">\n\t\t\t\t\t<div class=\"e-con-inner\">\n\t\t\t\t<div class=\"elementor-element elementor-element-56230ce elementor-widget__width-inherit elementor-widget elementor-widget-heading\" data-id=\"56230ce\" data-element_type=\"widget\" data-widget_type=\"heading.default\">\n\t\t\t\t<div class=\"elementor-widget-container\">\n\t\t\t\t\t<h2 class=\"elementor-heading-title elementor-size-default\">Il bar A31<\/h2>\t\t\t\t<\/div>\n\t\t\t\t<\/div>\n\t\t\t\t<div class=\"elementor-element elementor-element-f58bf9a elementor-widget__width-initial elementor-widget elementor-widget-text-editor\" data-id=\"f58bf9a\" data-element_type=\"widget\" data-widget_type=\"text-editor.default\">\n\t\t\t\t<div class=\"elementor-widget-container\">\n\t\t\t\t\t\t\t\t\t<p data-start=\"399\" data-end=\"722\">Qui troverai un&#8217;atmosfera accogliente e un servizio veloce e cordiale per goderti appieno la tua pausa pranzo. Il nostro team di cucina crea ogni giorno nuovi menu che combinano perfettamente sapore e qualit\u00e0: l&#8217;ideale per lavoratori, uomini d&#8217;affari e chiunque ami la buona cucina.<\/p>\t\t\t\t\t\t\t\t<\/div>\n\t\t\t\t<\/div>\n\t\t\t\t\t<\/div>\n\t\t\t\t<\/div>\n\t\t<div class=\"elementor-element elementor-element-17bda29 blacklink e-flex e-con-boxed e-con e-parent\" data-id=\"17bda29\" data-element_type=\"container\" data-settings=\"{&quot;background_background&quot;:&quot;classic&quot;}\">\n\t\t\t\t\t<div class=\"e-con-inner\">\n\t\t\t\t<div class=\"elementor-element elementor-element-6fbf0cb elementor-widget__width-inherit elementor-widget elementor-widget-heading\" data-id=\"6fbf0cb\" data-element_type=\"widget\" data-widget_type=\"heading.default\">\n\t\t\t\t<div class=\"elementor-widget-container\">\n\t\t\t\t\t<h2 class=\"elementor-heading-title elementor-size-default\">Prost &amp; Mohlzeit<\/h2>\t\t\t\t<\/div>\n\t\t\t\t<\/div>\n\t\t\t\t<div class=\"elementor-element elementor-element-fd5f110 elementor-widget__width-initial elementor-widget elementor-widget-text-editor\" data-id=\"fd5f110\" data-element_type=\"widget\" data-widget_type=\"text-editor.default\">\n\t\t\t\t<div class=\"elementor-widget-container\">\n\t\t\t\t\t\t\t\t\t<p>Un evento speciale richiede un&#8217;ambientazione adeguata. Con il nostro servizio di catering, <a href=\"http:\/\/www.prost-mohlzeit.it\/#wirorganisieren\">ti offriamo tutto ci\u00f2 che puoi desiderare per il tuo evento<\/a>. Dalla cucina di prima classe con prodotti regionali e stagionali all&#8217;ambiente sofisticato e al servizio professionale. Lascia che i tuoi ospiti e te stesso si godano i momenti migliori e porta il tuo <a href=\"http:\/\/www.prost-mohlzeit.it\/#letzteevents\">evento<\/a> a un livello superiore.<\/p>\t\t\t\t\t\t\t\t<\/div>\n\t\t\t\t<\/div>\n\t\t\t\t<div class=\"elementor-element elementor-element-edde62f elementor-align-center elementor-widget elementor-widget-button\" data-id=\"edde62f\" data-element_type=\"widget\" data-widget_type=\"button.default\">\n\t\t\t\t<div class=\"elementor-widget-container\">\n\t\t\t\t\t\t\t\t\t<div class=\"elementor-button-wrapper\">\n\t\t\t\t\t<a class=\"elementor-button elementor-button-link elementor-size-sm\" href=\"https:\/\/www.prost-mohlzeit.it\" target=\"_blank\" rel=\"nofollow\">\n\t\t\t\t\t\t<span class=\"elementor-button-content-wrapper\">\n\t\t\t\t\t\t\t\t\t<span class=\"elementor-button-text\">Vai al sito web<\/span>\n\t\t\t\t\t<\/span>\n\t\t\t\t\t<\/a>\n\t\t\t\t<\/div>\n\t\t\t\t\t\t\t\t<\/div>\n\t\t\t\t<\/div>\n\t\t\t\t<div class=\"elementor-element elementor-element-03bb832 leistungen elementor-skin-carousel elementor-arrows-yes elementor-widget elementor-widget-media-carousel\" data-id=\"03bb832\" data-element_type=\"widget\" data-settings=\"{&quot;slides_per_view&quot;:&quot;1&quot;,&quot;slides_per_view_laptop&quot;:&quot;1&quot;,&quot;slides_per_view_tablet&quot;:&quot;1&quot;,&quot;slides_per_view_mobile&quot;:&quot;2&quot;,&quot;skin&quot;:&quot;carousel&quot;,&quot;effect&quot;:&quot;slide&quot;,&quot;show_arrows&quot;:&quot;yes&quot;,&quot;speed&quot;:500,&quot;autoplay&quot;:&quot;yes&quot;,&quot;autoplay_speed&quot;:5000,&quot;loop&quot;:&quot;yes&quot;,&quot;pause_on_hover&quot;:&quot;yes&quot;,&quot;pause_on_interaction&quot;:&quot;yes&quot;,&quot;space_between&quot;:{&quot;unit&quot;:&quot;px&quot;,&quot;size&quot;:10,&quot;sizes&quot;:[]},&quot;space_between_laptop&quot;:{&quot;unit&quot;:&quot;px&quot;,&quot;size&quot;:10,&quot;sizes&quot;:[]},&quot;space_between_tablet&quot;:{&quot;unit&quot;:&quot;px&quot;,&quot;size&quot;:10,&quot;sizes&quot;:[]},&quot;space_between_mobile&quot;:{&quot;unit&quot;:&quot;px&quot;,&quot;size&quot;:10,&quot;sizes&quot;:[]}}\" data-widget_type=\"media-carousel.default\">\n\t\t\t\t<div class=\"elementor-widget-container\">\n\t\t\t\t\t\t\t\t\t<div class=\"elementor-swiper\">\n\t\t\t\t\t<div class=\"elementor-main-swiper swiper\" role=\"region\" aria-roledescription=\"carousel\" aria-label=\"Slides\">\n\t\t\t\t<div class=\"swiper-wrapper\">\n\t\t\t\t\t\t\t\t\t\t\t<div class=\"swiper-slide\" role=\"group\" aria-roledescription=\"slide\">\n\t\t\t\t\t\t\t\t\t<div class=\"elementor-carousel-image\" role=\"img\" aria-label=\"LT-263\" style=\"background-image: url(&#039;https:\/\/www.bar-a31.it\/wp-content\/uploads\/2025\/02\/LT-263.jpg&#039;)\">\n\n\t\t\t\n\t\t\t\t\t<\/div>\n\t\t\t\t\t\t\t\t<\/div>\n\t\t\t\t\t\t\t\t\t\t\t<div class=\"swiper-slide\" role=\"group\" aria-roledescription=\"slide\">\n\t\t\t\t\t\t\t\t\t<div class=\"elementor-carousel-image\" role=\"img\" aria-label=\"MS-467\" style=\"background-image: url(&#039;https:\/\/www.bar-a31.it\/wp-content\/uploads\/2025\/02\/MS-467.jpg&#039;)\">\n\n\t\t\t\n\t\t\t\t\t<\/div>\n\t\t\t\t\t\t\t\t<\/div>\n\t\t\t\t\t\t\t\t\t\t\t<div class=\"swiper-slide\" role=\"group\" aria-roledescription=\"slide\">\n\t\t\t\t\t\t\t\t\t<div class=\"elementor-carousel-image\" role=\"img\" aria-label=\"SR-478\" style=\"background-image: url(&#039;https:\/\/www.bar-a31.it\/wp-content\/uploads\/2025\/02\/SR-478.jpg&#039;)\">\n\n\t\t\t\n\t\t\t\t\t<\/div>\n\t\t\t\t\t\t\t\t<\/div>\n\t\t\t\t\t\t\t\t\t\t\t<div class=\"swiper-slide\" role=\"group\" aria-roledescription=\"slide\">\n\t\t\t\t\t\t\t\t\t<div class=\"elementor-carousel-image\" role=\"img\" aria-label=\"DSC_8024\" style=\"background-image: url(&#039;https:\/\/www.bar-a31.it\/wp-content\/uploads\/2025\/02\/DSC_8024.jpg&#039;)\">\n\n\t\t\t\n\t\t\t\t\t<\/div>\n\t\t\t\t\t\t\t\t<\/div>\n\t\t\t\t\t\t\t\t\t\t\t<div class=\"swiper-slide\" role=\"group\" aria-roledescription=\"slide\">\n\t\t\t\t\t\t\t\t\t<div class=\"elementor-carousel-image\" role=\"img\" aria-label=\"DSC_1283\" style=\"background-image: url(&#039;https:\/\/www.bar-a31.it\/wp-content\/uploads\/2025\/02\/DSC_1283.jpg&#039;)\">\n\n\t\t\t\n\t\t\t\t\t<\/div>\n\t\t\t\t\t\t\t\t<\/div>\n\t\t\t\t\t\t\t\t\t<\/div>\n\t\t\t\t\t\t\t\t\t\t\t\t\t\t\t<div class=\"elementor-swiper-button elementor-swiper-button-prev\" role=\"button\" tabindex=\"0\" aria-label=\"Previous\">\n\t\t\t\t\t\t\t<svg aria-hidden=\"true\" class=\"e-font-icon-svg e-eicon-chevron-left\" viewBox=\"0 0 1000 1000\" xmlns=\"http:\/\/www.w3.org\/2000\/svg\"><path d=\"M646 125C629 125 613 133 604 142L308 442C296 454 292 471 292 487 292 504 296 521 308 533L604 854C617 867 629 875 646 875 663 875 679 871 692 858 704 846 713 829 713 812 713 796 708 779 692 767L438 487 692 225C700 217 708 204 708 187 708 171 704 154 692 142 675 129 663 125 646 125Z\"><\/path><\/svg>\t\t\t\t\t\t<\/div>\n\t\t\t\t\t\t<div class=\"elementor-swiper-button elementor-swiper-button-next\" role=\"button\" tabindex=\"0\" aria-label=\"Next\">\n\t\t\t\t\t\t\t<svg aria-hidden=\"true\" class=\"e-font-icon-svg e-eicon-chevron-right\" viewBox=\"0 0 1000 1000\" xmlns=\"http:\/\/www.w3.org\/2000\/svg\"><path d=\"M696 533C708 521 713 504 713 487 713 471 708 454 696 446L400 146C388 133 375 125 354 125 338 125 325 129 313 142 300 154 292 171 292 187 292 204 296 221 308 233L563 492 304 771C292 783 288 800 288 817 288 833 296 850 308 863 321 871 338 875 354 875 371 875 388 867 400 854L696 533Z\"><\/path><\/svg>\t\t\t\t\t\t<\/div>\n\t\t\t\t\t\t\t\t\t\t\t\t\t\t\t\t\t<\/div>\n\t\t\t\t<\/div>\n\t\t\t\t\t\t\t\t<\/div>\n\t\t\t\t<\/div>\n\t\t\t\t\t<\/div>\n\t\t\t\t<\/div>\n\t\t\t\t<\/div>\n\t\t","protected":false},"excerpt":{"rendered":"<p>Benvenuti al Bar A31 Piatti del giorno freschi nel Bar Bistro nel Gepa Center, zona industriale di Bressanone Che si tratti di piatti salati o leggeri, tradizionali o con un tocco moderno, la nostra cucina raffinata vi offre men\u00f9 giornalieri preparati al momento. Ci affidiamo a ingredienti di alta qualit\u00e0, ricette collaudate e un pizzico [&hellip;]<\/p>\n","protected":false},"author":1,"featured_media":0,"parent":0,"menu_order":0,"comment_status":"closed","ping_status":"closed","template":"","meta":{"_acf_changed":false,"footnotes":""},"class_list":["post-343","page","type-page","status-publish","hentry"],"acf":[],"yoast_head":"<!-- This site is optimized with the Yoast SEO plugin v24.4 - https:\/\/yoast.com\/wordpress\/plugins\/seo\/ -->\n<title>Bar Bistro nella zona industriale di Bressanone - specialit\u00e0 fresche del giorno<\/title>\n<meta name=\"description\" content=\"Goditi le specialit\u00e0 fresche del giorno al Bar Bistro nella zona industriale di Bressanone. Servizio veloce, piatti deliziosi e atmosfera accogliente. Passa subito a trovarci!\" \/>\n<meta name=\"robots\" content=\"index, follow, max-snippet:-1, max-image-preview:large, max-video-preview:-1\" \/>\n<link rel=\"canonical\" href=\"https:\/\/www.bar-a31.it\/it\/\" \/>\n<meta property=\"og:locale\" content=\"it_IT\" \/>\n<meta property=\"og:type\" content=\"article\" \/>\n<meta property=\"og:title\" content=\"Bar Bistro nella zona industriale di Bressanone - specialit\u00e0 fresche del giorno\" \/>\n<meta property=\"og:description\" content=\"Goditi le specialit\u00e0 fresche del giorno al Bar Bistro nella zona industriale di Bressanone. Servizio veloce, piatti deliziosi e atmosfera accogliente. Passa subito a trovarci!\" \/>\n<meta property=\"og:url\" content=\"https:\/\/www.bar-a31.it\/it\/\" \/>\n<meta property=\"og:site_name\" content=\"Bar A31\" \/>\n<meta property=\"article:modified_time\" content=\"2025-10-24T12:33:47+00:00\" \/>\n<meta name=\"twitter:card\" content=\"summary_large_image\" \/>\n<meta name=\"twitter:label1\" content=\"Est. reading time\" \/>\n\t<meta name=\"twitter:data1\" content=\"1 minuto\" \/>\n<script type=\"application\/ld+json\" class=\"yoast-schema-graph\">{\"@context\":\"https:\/\/schema.org\",\"@graph\":[{\"@type\":\"WebPage\",\"@id\":\"https:\/\/www.bar-a31.it\/it\/\",\"url\":\"https:\/\/www.bar-a31.it\/it\/\",\"name\":\"Bar Bistro nella zona industriale di Bressanone - specialit\u00e0 fresche del giorno\",\"isPartOf\":{\"@id\":\"https:\/\/www.bar-a31.it\/it\/#website\"},\"datePublished\":\"2025-02-08T09:43:21+00:00\",\"dateModified\":\"2025-10-24T12:33:47+00:00\",\"description\":\"Goditi le specialit\u00e0 fresche del giorno al Bar Bistro nella zona industriale di Bressanone. Servizio veloce, piatti deliziosi e atmosfera accogliente. Passa subito a trovarci!\",\"breadcrumb\":{\"@id\":\"https:\/\/www.bar-a31.it\/it\/#breadcrumb\"},\"inLanguage\":\"it-IT\",\"potentialAction\":[{\"@type\":\"ReadAction\",\"target\":[\"https:\/\/www.bar-a31.it\/it\/\"]}]},{\"@type\":\"BreadcrumbList\",\"@id\":\"https:\/\/www.bar-a31.it\/it\/#breadcrumb\",\"itemListElement\":[{\"@type\":\"ListItem\",\"position\":1,\"name\":\"Startseite\",\"item\":\"https:\/\/www.bar-a31.it\/it\/bar-a31\/\"},{\"@type\":\"ListItem\",\"position\":2,\"name\":\"Bar A31\"}]},{\"@type\":\"WebSite\",\"@id\":\"https:\/\/www.bar-a31.it\/it\/#website\",\"url\":\"https:\/\/www.bar-a31.it\/it\/\",\"name\":\"Bar A31\",\"description\":\"\",\"publisher\":{\"@id\":\"https:\/\/www.bar-a31.it\/it\/#organization\"},\"potentialAction\":[{\"@type\":\"SearchAction\",\"target\":{\"@type\":\"EntryPoint\",\"urlTemplate\":\"https:\/\/www.bar-a31.it\/it\/?s={search_term_string}\"},\"query-input\":{\"@type\":\"PropertyValueSpecification\",\"valueRequired\":true,\"valueName\":\"search_term_string\"}}],\"inLanguage\":\"it-IT\"},{\"@type\":\"Organization\",\"@id\":\"https:\/\/www.bar-a31.it\/it\/#organization\",\"name\":\"Bar A31\",\"url\":\"https:\/\/www.bar-a31.it\/it\/\",\"logo\":{\"@type\":\"ImageObject\",\"inLanguage\":\"it-IT\",\"@id\":\"https:\/\/www.bar-a31.it\/it\/#\/schema\/logo\/image\/\",\"url\":\"https:\/\/www.bar-a31.it\/wp-content\/uploads\/2025\/02\/logo-a31.png\",\"contentUrl\":\"https:\/\/www.bar-a31.it\/wp-content\/uploads\/2025\/02\/logo-a31.png\",\"width\":1000,\"height\":1001,\"caption\":\"Bar A31\"},\"image\":{\"@id\":\"https:\/\/www.bar-a31.it\/it\/#\/schema\/logo\/image\/\"}}]}<\/script>\n<!-- \/ Yoast SEO plugin. -->","yoast_head_json":{"title":"Bar Bistro nella zona industriale di Bressanone - specialit\u00e0 fresche del giorno","description":"Goditi le specialit\u00e0 fresche del giorno al Bar Bistro nella zona industriale di Bressanone. Servizio veloce, piatti deliziosi e atmosfera accogliente. Passa subito a trovarci!","robots":{"index":"index","follow":"follow","max-snippet":"max-snippet:-1","max-image-preview":"max-image-preview:large","max-video-preview":"max-video-preview:-1"},"canonical":"https:\/\/www.bar-a31.it\/it\/","og_locale":"it_IT","og_type":"article","og_title":"Bar Bistro nella zona industriale di Bressanone - specialit\u00e0 fresche del giorno","og_description":"Goditi le specialit\u00e0 fresche del giorno al Bar Bistro nella zona industriale di Bressanone. Servizio veloce, piatti deliziosi e atmosfera accogliente. Passa subito a trovarci!","og_url":"https:\/\/www.bar-a31.it\/it\/","og_site_name":"Bar A31","article_modified_time":"2025-10-24T12:33:47+00:00","twitter_card":"summary_large_image","twitter_misc":{"Est. reading time":"1 minuto"},"schema":{"@context":"https:\/\/schema.org","@graph":[{"@type":"WebPage","@id":"https:\/\/www.bar-a31.it\/it\/","url":"https:\/\/www.bar-a31.it\/it\/","name":"Bar Bistro nella zona industriale di Bressanone - specialit\u00e0 fresche del giorno","isPartOf":{"@id":"https:\/\/www.bar-a31.it\/it\/#website"},"datePublished":"2025-02-08T09:43:21+00:00","dateModified":"2025-10-24T12:33:47+00:00","description":"Goditi le specialit\u00e0 fresche del giorno al Bar Bistro nella zona industriale di Bressanone. Servizio veloce, piatti deliziosi e atmosfera accogliente. Passa subito a trovarci!","breadcrumb":{"@id":"https:\/\/www.bar-a31.it\/it\/#breadcrumb"},"inLanguage":"it-IT","potentialAction":[{"@type":"ReadAction","target":["https:\/\/www.bar-a31.it\/it\/"]}]},{"@type":"BreadcrumbList","@id":"https:\/\/www.bar-a31.it\/it\/#breadcrumb","itemListElement":[{"@type":"ListItem","position":1,"name":"Startseite","item":"https:\/\/www.bar-a31.it\/it\/bar-a31\/"},{"@type":"ListItem","position":2,"name":"Bar A31"}]},{"@type":"WebSite","@id":"https:\/\/www.bar-a31.it\/it\/#website","url":"https:\/\/www.bar-a31.it\/it\/","name":"Bar A31","description":"","publisher":{"@id":"https:\/\/www.bar-a31.it\/it\/#organization"},"potentialAction":[{"@type":"SearchAction","target":{"@type":"EntryPoint","urlTemplate":"https:\/\/www.bar-a31.it\/it\/?s={search_term_string}"},"query-input":{"@type":"PropertyValueSpecification","valueRequired":true,"valueName":"search_term_string"}}],"inLanguage":"it-IT"},{"@type":"Organization","@id":"https:\/\/www.bar-a31.it\/it\/#organization","name":"Bar A31","url":"https:\/\/www.bar-a31.it\/it\/","logo":{"@type":"ImageObject","inLanguage":"it-IT","@id":"https:\/\/www.bar-a31.it\/it\/#\/schema\/logo\/image\/","url":"https:\/\/www.bar-a31.it\/wp-content\/uploads\/2025\/02\/logo-a31.png","contentUrl":"https:\/\/www.bar-a31.it\/wp-content\/uploads\/2025\/02\/logo-a31.png","width":1000,"height":1001,"caption":"Bar A31"},"image":{"@id":"https:\/\/www.bar-a31.it\/it\/#\/schema\/logo\/image\/"}}]}},"_links":{"self":[{"href":"https:\/\/www.bar-a31.it\/it\/wp-json\/wp\/v2\/pages\/343","targetHints":{"allow":["GET"]}}],"collection":[{"href":"https:\/\/www.bar-a31.it\/it\/wp-json\/wp\/v2\/pages"}],"about":[{"href":"https:\/\/www.bar-a31.it\/it\/wp-json\/wp\/v2\/types\/page"}],"author":[{"embeddable":true,"href":"https:\/\/www.bar-a31.it\/it\/wp-json\/wp\/v2\/users\/1"}],"replies":[{"embeddable":true,"href":"https:\/\/www.bar-a31.it\/it\/wp-json\/wp\/v2\/comments?post=343"}],"version-history":[{"count":3,"href":"https:\/\/www.bar-a31.it\/it\/wp-json\/wp\/v2\/pages\/343\/revisions"}],"predecessor-version":[{"id":346,"href":"https:\/\/www.bar-a31.it\/it\/wp-json\/wp\/v2\/pages\/343\/revisions\/346"}],"wp:attachment":[{"href":"https:\/\/www.bar-a31.it\/it\/wp-json\/wp\/v2\/media?parent=343"}],"curies":[{"name":"wp","href":"https:\/\/api.w.org\/{rel}","templated":true}]}}